{"id":12,"date":"2019-02-22T13:33:13","date_gmt":"2019-02-22T13:33:13","guid":{"rendered":"http:\/\/schwets.de\/?page_id=12"},"modified":"2019-02-22T13:41:42","modified_gmt":"2019-02-22T13:41:42","slug":"kontakt","status":"publish","type":"page","link":"https:\/\/schwets.de\/en\/kontakt\/","title":{"rendered":"Kontakt"},"content":{"rendered":"\n<h2 class=\"wp-block-heading\">Kontakt<\/h2>\n\n\n\n<table class=\"wp-block-table\"><tbody><tr><td>Schwets GmbH <br>Blumenstrasse 11c <br>82538 Geretsried <br>Telefon +491771333055<\/td><td>y@schwets.de <br>www.schwets.de <br>Gesch\u00e4ftsleitung: <br>Iurii Shvetsov <br><br>HRB 210227 Amtsgericht M\u00fcnchen <br>USt Id Nr DE 293998106<\/td><td>Bankverbindungen: <br>VR Bank M\u00fcnchen Land eG <br>BLZ 70166486 <br>BAN DE  <br>59701664860005769930<\/td><\/tr><\/tbody><\/table>\n","protected":false},"excerpt":{"rendered":"<p>Kontakt Schwets GmbH Blumenstrasse 11c 82538 Geretsried Telefon +491771333055 y@schwets.de www.schwets.de Gesch\u00e4ftsleitung: Iurii Shvetsov HRB 210227 Amtsgericht M\u00fcnchen USt Id Nr DE 293998106 Bankverbindungen: VR Bank M\u00fcnchen Land eG BLZ 70166486 BAN DE 59701664860005769930<\/p>\n","protected":false},"author":1,"featured_media":0,"parent":0,"menu_order":0,"comment_status":"closed","ping_status":"closed","template":"","meta":{"footnotes":""},"class_list":["post-12","page","type-page","status-publish","hentry"],"_links":{"self":[{"href":"https:\/\/schwets.de\/en\/wp-json\/wp\/v2\/pages\/12"}],"collection":[{"href":"https:\/\/schwets.de\/en\/wp-json\/wp\/v2\/pages"}],"about":[{"href":"https:\/\/schwets.de\/en\/wp-json\/wp\/v2\/types\/page"}],"author":[{"embeddable":true,"href":"https:\/\/schwets.de\/en\/wp-json\/wp\/v2\/users\/1"}],"replies":[{"embeddable":true,"href":"https:\/\/schwets.de\/en\/wp-json\/wp\/v2\/comments?post=12"}],"version-history":[{"count":3,"href":"https:\/\/schwets.de\/en\/wp-json\/wp\/v2\/pages\/12\/revisions"}],"predecessor-version":[{"id":17,"href":"https:\/\/schwets.de\/en\/wp-json\/wp\/v2\/pages\/12\/revisions\/17"}],"wp:attachment":[{"href":"https:\/\/schwets.de\/en\/wp-json\/wp\/v2\/media?parent=12"}],"curies":[{"name":"wp","href":"https:\/\/api.w.org\/{rel}","templated":true}]}}