{"id":5,"date":"2019-02-22T12:57:37","date_gmt":"2019-02-22T12:57:37","guid":{"rendered":"http:\/\/schwets.de\/?page_id=5"},"modified":"2019-02-22T14:01:36","modified_gmt":"2019-02-22T14:01:36","slug":"startseite","status":"publish","type":"page","link":"https:\/\/schwets.de\/en\/","title":{"rendered":"Startseite"},"content":{"rendered":"\n<h1 class=\"wp-block-heading\">Interieur-Tuning<br>f\u00fcr die Fahrzeuge<\/h1>\n\n\n\n<p>Einzigartige Ausstattung des Innenraums<br> mit dem Holz sowie Carbon,<br> Leder\u00fcberziehen,<br> Herstellung der Sitze und vieles andere mehr.<\/p>\n\n\n\n<p><a href=\"http:\/\/schwets.de\/unser-unternehmen\/\">&gt;&nbsp;&nbsp;&nbsp;MEHR \u00dcBER UNS<\/a><\/p>\n","protected":false},"excerpt":{"rendered":"<p>Interieur-Tuningf\u00fcr die Fahrzeuge Einzigartige Ausstattung des Innenraums mit dem Holz sowie Carbon, Leder\u00fcberziehen, Herstellung der Sitze und vieles andere mehr. &gt;&nbsp;&nbsp;&nbsp;MEHR \u00dcBER UNS<\/p>\n","protected":false},"author":1,"featured_media":0,"parent":0,"menu_order":0,"comment_status":"closed","ping_status":"closed","template":"pages\/template-home.php","meta":{"footnotes":""},"class_list":["post-5","page","type-page","status-publish","hentry"],"_links":{"self":[{"href":"https:\/\/schwets.de\/en\/wp-json\/wp\/v2\/pages\/5"}],"collection":[{"href":"https:\/\/schwets.de\/en\/wp-json\/wp\/v2\/pages"}],"about":[{"href":"https:\/\/schwets.de\/en\/wp-json\/wp\/v2\/types\/page"}],"author":[{"embeddable":true,"href":"https:\/\/schwets.de\/en\/wp-json\/wp\/v2\/users\/1"}],"replies":[{"embeddable":true,"href":"https:\/\/schwets.de\/en\/wp-json\/wp\/v2\/comments?post=5"}],"version-history":[{"count":2,"href":"https:\/\/schwets.de\/en\/wp-json\/wp\/v2\/pages\/5\/revisions"}],"predecessor-version":[{"id":23,"href":"https:\/\/schwets.de\/en\/wp-json\/wp\/v2\/pages\/5\/revisions\/23"}],"wp:attachment":[{"href":"https:\/\/schwets.de\/en\/wp-json\/wp\/v2\/media?parent=5"}],"curies":[{"name":"wp","href":"https:\/\/api.w.org\/{rel}","templated":true}]}}