{"id":9,"date":"2019-02-22T13:24:47","date_gmt":"2019-02-22T13:24:47","guid":{"rendered":"http:\/\/schwets.de\/?page_id=9"},"modified":"2019-02-22T13:28:21","modified_gmt":"2019-02-22T13:28:21","slug":"unser-unternehmen","status":"publish","type":"page","link":"https:\/\/schwets.de\/en\/unser-unternehmen\/","title":{"rendered":"Unser Unternehmen"},"content":{"rendered":"\n<h3 class=\"wp-block-heading\">PROFIL<\/h3>\n\n\n\n<p>Die Kernt\u00e4tigkeit  des Unternehmens ist Herstellung der Lederausstattung, sowie einzigartige Ausstattung des Innenraums mit dem Holz und Carbon.<\/p>\n\n\n\n<h3 class=\"wp-block-heading\">Unser Werdegang<\/h3>\n\n\n\n<p>Gr\u00fcnder und Leiter des Unternehmens ist Iurii Shvetsov. Schon seit 1993 bietet er als Privatunternehmer die Dienstleistungen f\u00fcr die Herstellung der Lederausstattung. Der Gru\u0308nder arbeitet schon seit Jahren erfolgreich in der Automobilbranche und ist in der Fahrzeugveredelung t\u00e4tig. So leitet er seit 2011 erfolgreich seine Tuningfirma in Kiew und seit 2012 ein weiteres Unternehmen in Tschechien. In 2014 gru\u0308ndete er die Schwets GmbH in Geretsried, Wolfratshausen.<\/p>\n\n\n\n<h3 class=\"wp-block-heading\">Unsere Philosophie<\/h3>\n\n\n\n<p>Als erfahrenes Unternehmen im Bereich Innen- und Au\u00dfenraumveredelung bzw. Innen- und Au\u00dfenraumtuning verf\u00fcgt Schwets GmbH u\u0308ber das notwendige Wissen und die Ressourcen im Auftrag des Kunden deren Fahrzeuge nach deren Wu\u0308nschen zu veredeln. Exklusives Wissen und Technologien in der Herstellung der Lederausstattung f\u00fcr Autos erlaubten schon \u00fcber 800 erfolgreiche Projekte im Premium-Segment f\u00fcr verm\u00f6gende Kunden durchzuf\u00fchren, die hohe Forderungen stellen und durch Veredelung ihren sozialen Status und ihre Individualit\u00e4t zus\u00e4tzlich betonen wollen. Unser Unternehmen ist dementsprechend im Stande die kompliziertesten und schwersten Aufgaben zu erf\u00fcllen, und auf solche Weise jede auserlesene W\u00fcnsche und Forderungen von Klienten zu befriedigen und das individuelle einzigartige Design zu best\u00e4tigen. Alle Arbeiten sind handgemacht, so dass hohe Qualit\u00e4t gew\u00e4hrleistet wird. Unser Leitgedanke lautet &#8220;Veredeln mit Herzblut und Liebe!&#8221;<\/p>\n\n\n\n<p>Es gibt ein gro\u00dfes Angebot und eine gro\u00dfe Nachfrage nach den Leistungen des Unternehmens. Au\u00dferdem geh\u00f6ren zu unseren Partnern deutsche Unternehmen, mit denen wir st\u00e4ndig zusammenarbeiten, wie z. B.:<\/p>\n\n\n\n<ul class=\"wp-block-list\"><li><strong>Mercedes-Benz Vertrieb NFZ GmbH<\/strong> (<a rel=\"noreferrer noopener\" href=\"http:\/\/www.daimler.com\/en\/\" target=\"_blank\">http:\/\/www.daimler.com\/en\/<\/a>)<\/li><li><strong>A.b.-Parts GmbH<\/strong> (<a rel=\"noreferrer noopener\" href=\"http:\/\/www.ab-parts.de\/\" target=\"_blank\">http:\/\/www.ab-parts.de\/<\/a>)<\/li><li><strong>PAX Reifen Service<\/strong> (<a rel=\"noreferrer noopener\" href=\"https:\/\/www.pax-service.com\/\" target=\"_blank\">https:\/\/www.pax-service.com<\/a>)<\/li><li><strong>Autotoystore GmbH<\/strong> (<a rel=\"noreferrer noopener\" href=\"http:\/\/autotoystore.de\/\" target=\"_blank\">http:\/\/autotoystore.de\/<\/a>)<\/li><li><strong>Mille Miglia Motors e.K.<\/strong> (<a rel=\"noreferrer noopener\" href=\"http:\/\/www.mmm.ag\/\" target=\"_blank\">http:\/\/www.mmm.ag<\/a>)<\/li><li><strong>REM Race Engineering &amp; Motorsport GmbH<\/strong> (<a rel=\"noreferrer noopener\" href=\"http:\/\/rem-motorsport.de\/\" target=\"_blank\">http:\/\/rem-motorsport.de\/<\/a>)<\/li><li><strong>ATT-TEC GmbH Auto Technik Tuning<\/strong> (<a rel=\"noreferrer noopener\" href=\"http:\/\/www.att-tec.com\/\" target=\"_blank\">http:\/\/www.att-tec.com<\/a>)<\/li><\/ul>\n","protected":false},"excerpt":{"rendered":"<p>PROFIL Die Kernt\u00e4tigkeit des Unternehmens ist Herstellung der Lederausstattung, sowie einzigartige Ausstattung des Innenraums mit dem Holz und Carbon. Unser Werdegang Gr\u00fcnder und Leiter des Unternehmens ist Iurii Shvetsov. Schon seit 1993 bietet er als Privatunternehmer die Dienstleistungen f\u00fcr die Herstellung der Lederausstattung. Der Gru\u0308nder arbeitet schon seit Jahren erfolgreich in der Automobilbranche und ist [&hellip;]<\/p>\n","protected":false},"author":1,"featured_media":0,"parent":0,"menu_order":0,"comment_status":"closed","ping_status":"closed","template":"","meta":{"footnotes":""},"class_list":["post-9","page","type-page","status-publish","hentry"],"_links":{"self":[{"href":"https:\/\/schwets.de\/en\/wp-json\/wp\/v2\/pages\/9"}],"collection":[{"href":"https:\/\/schwets.de\/en\/wp-json\/wp\/v2\/pages"}],"about":[{"href":"https:\/\/schwets.de\/en\/wp-json\/wp\/v2\/types\/page"}],"author":[{"embeddable":true,"href":"https:\/\/schwets.de\/en\/wp-json\/wp\/v2\/users\/1"}],"replies":[{"embeddable":true,"href":"https:\/\/schwets.de\/en\/wp-json\/wp\/v2\/comments?post=9"}],"version-history":[{"count":2,"href":"https:\/\/schwets.de\/en\/wp-json\/wp\/v2\/pages\/9\/revisions"}],"predecessor-version":[{"id":11,"href":"https:\/\/schwets.de\/en\/wp-json\/wp\/v2\/pages\/9\/revisions\/11"}],"wp:attachment":[{"href":"https:\/\/schwets.de\/en\/wp-json\/wp\/v2\/media?parent=9"}],"curies":[{"name":"wp","href":"https:\/\/api.w.org\/{rel}","templated":true}]}}